{"id":487,"date":"2012-03-01T07:37:10","date_gmt":"2012-03-01T07:37:10","guid":{"rendered":"http:\/\/xn--logopdie-kutej-9hb.at\/n\/?page_id=487"},"modified":"2013-11-01T20:27:38","modified_gmt":"2013-11-01T20:27:38","slug":"raumlichkeiten","status":"publish","type":"page","link":"http:\/\/xn--logopdie-kutej-9hb.at\/n\/raumlichkeiten\/","title":{"rendered":"R\u00e4umlichkeiten"},"content":{"rendered":"<h3>Galerie<\/h3>\n<p><center><br \/>\n<a title=\"Eingangsbereich\" href=\"http:\/\/xn--logopdie-kutej-9hb.at\/n\/wp-content\/uploads\/2012\/03\/Raeumlichkeit-1.jpg?lightbox[autoresize]=false\" class=\"lightbox\" rel=\"lightbox-album\"><img decoding=\"async\" style=\"border: 5px solid lightgrey; margin-left: 10px; margin-right: 10px;\" src=\"http:\/\/xn--logopdie-kutej-9hb.at\/n\/wp-content\/uploads\/2012\/03\/Raeumlichkeit-1t.jpg\" alt=\"Praxis f\u00fcr Logop\u00e4die - R\u00e4umlichkeit\" \/><\/a><a title=\"Eingang zum Therapieraum\" href=\"http:\/\/xn--logopdie-kutej-9hb.at\/n\/wp-content\/uploads\/2013\/11\/DSC_0165.jpg?lightbox[autoresize]=false\" class=\"lightbox\" rel=\"lightbox-album\"><img decoding=\"async\" style=\"border: 5px solid lightgrey; margin-left: 10px; margin-right: 10px;\" src=\"http:\/\/xn--logopdie-kutej-9hb.at\/n\/wp-content\/uploads\/2013\/11\/DSC_0165s.jpg\" alt=\"Praxis f\u00fcr Logop\u00e4die - R\u00e4umlichkeit\"\/><\/a><a title=\"Warteraum\" href=\"http:\/\/xn--logopdie-kutej-9hb.at\/n\/wp-content\/uploads\/2013\/11\/DSC_0156.jpg?lightbox[autoresize]=false\" class=\"lightbox\" rel=\"lightbox-album\"><img decoding=\"async\" style=\"border: 5px solid lightgrey; margin-left: 10px; margin-right: 10px;\" src=\"http:\/\/xn--logopdie-kutej-9hb.at\/n\/wp-content\/uploads\/2013\/11\/DSC_0156l.jpg\" alt=\"Praxis f\u00fcr Logop\u00e4die - R\u00e4umlichkeit\" \/><\/a><a title=\"Warteraum\" href=\"http:\/\/xn--logopdie-kutej-9hb.at\/n\/wp-content\/uploads\/2013\/11\/DSC_0167.jpg?lightbox[autoresize]=false\" class=\"lightbox\" rel=\"lightbox-album\"><img decoding=\"async\" style=\"border: 5px solid lightgrey; margin-left: 10px; margin-right: 10px;\" src=\"http:\/\/xn--logopdie-kutej-9hb.at\/n\/wp-content\/uploads\/2013\/11\/DSC_0167l.jpg\" alt=\"Praxis f\u00fcr Logop\u00e4die - R\u00e4umlichkeit\"\/><\/a><\/p>\n<p><a title=\"Warteraum\" href=\"http:\/\/xn--logopdie-kutej-9hb.at\/n\/wp-content\/uploads\/2013\/11\/DSC_0129.jpg?lightbox[autoresize]=false\" class=\"lightbox\" rel=\"lightbox-album\"><img decoding=\"async\" style=\"border: 5px solid lightgrey; margin-left: 10px; margin-right: 10px;\" src=\"http:\/\/xn--logopdie-kutej-9hb.at\/n\/wp-content\/uploads\/2013\/11\/DSC_0129l.jpg\" alt=\"Praxis f\u00fcr Logop\u00e4die - R\u00e4umlichkeit\"\/><\/a><a title=\"Warteraum\" href=\"http:\/\/xn--logopdie-kutej-9hb.at\/n\/wp-content\/uploads\/2013\/11\/DSC_0128.jpg?lightbox[autoresize]=false\" class=\"lightbox\" rel=\"lightbox-album\"><img decoding=\"async\" style=\"border: 5px solid lightgrey; margin-left: 10px; margin-right: 10px;\" src=\"http:\/\/xn--logopdie-kutej-9hb.at\/n\/wp-content\/uploads\/2013\/11\/DSC_0128l.jpg\" alt=\"Praxis f\u00fcr Logop\u00e4die - R\u00e4umlichkeit\"\/><\/a><\/p>\n<p><a title=\"Therapieraum\" href=\"http:\/\/xn--logopdie-kutej-9hb.at\/n\/wp-content\/uploads\/2013\/11\/DSC_0137.jpg?lightbox[autoresize]=false\" class=\"lightbox\" rel=\"lightbox-album\"><img decoding=\"async\" style=\"border: 5px solid lightgrey; margin-left: 10px; margin-right: 10px;\" src=\"http:\/\/xn--logopdie-kutej-9hb.at\/n\/wp-content\/uploads\/2013\/11\/DSC_0137l.jpg\" alt=\"Praxis f\u00fcr Logop\u00e4die - R\u00e4umlichkeit\"\/><\/a><a title=\"Therapieraum\" href=\"http:\/\/xn--logopdie-kutej-9hb.at\/n\/wp-content\/uploads\/2013\/11\/DSC_0150.jpg?lightbox[autoresize]=false\" class=\"lightbox\" rel=\"lightbox-album\"><img decoding=\"async\" style=\"border: 5px solid lightgrey; margin-left: 10px; margin-right: 10px;\" src=\"http:\/\/xn--logopdie-kutej-9hb.at\/n\/wp-content\/uploads\/2013\/11\/DSC_0150l.jpg\" alt=\"Praxis f\u00fcr Logop\u00e4die - R\u00e4umlichkeit\"\/><\/a><\/p>\n<p><a title=\"Therapieraum\" href=\"http:\/\/xn--logopdie-kutej-9hb.at\/n\/wp-content\/uploads\/2013\/11\/DSC_0149.jpg?lightbox[autoresize]=false\" class=\"lightbox\" rel=\"lightbox-album\"><img decoding=\"async\" style=\"border: 5px solid lightgrey; margin-left: 10px; margin-right: 10px;\" src=\"http:\/\/xn--logopdie-kutej-9hb.at\/n\/wp-content\/uploads\/2013\/11\/DSC_0149l.jpg\" alt=\"Praxis f\u00fcr Logop\u00e4die - R\u00e4umlichkeit\"\/><\/a><a title=\"Therapieraum\" href=\"http:\/\/xn--logopdie-kutej-9hb.at\/n\/wp-content\/uploads\/2013\/11\/DSC_0152.jpg?lightbox[autoresize]=false\" class=\"lightbox\" rel=\"lightbox-album\"><img decoding=\"async\" style=\"border: 5px solid lightgrey; margin-left: 10px; margin-right: 10px;\" src=\"http:\/\/xn--logopdie-kutej-9hb.at\/n\/wp-content\/uploads\/2013\/11\/DSC_0152l.jpg\" alt=\"Praxis f\u00fcr Logop\u00e4die - R\u00e4umlichkeit\"\/><\/a><a title=\"Therapieraum\" href=\"http:\/\/xn--logopdie-kutej-9hb.at\/n\/wp-content\/uploads\/2013\/11\/DSC_0148.jpg?lightbox[autoresize]=false\" class=\"lightbox\" rel=\"lightbox-album\"><img decoding=\"async\" style=\"border: 5px solid lightgrey; margin-left: 10px; margin-right: 10px;\" src=\"http:\/\/xn--logopdie-kutej-9hb.at\/n\/wp-content\/uploads\/2013\/11\/DSC_0148l.jpg\" alt=\"Praxis f\u00fcr Logop\u00e4die - R\u00e4umlichkeit\"\/><\/a><a title=\"Therapieraum\" href=\"http:\/\/xn--logopdie-kutej-9hb.at\/n\/wp-content\/uploads\/2013\/11\/DSC_0145.jpg?lightbox[autoresize]=false\" class=\"lightbox\" rel=\"lightbox-album\"><img decoding=\"async\" style=\"border: 5px solid lightgrey; margin-left: 10px; margin-right: 10px;\" src=\"http:\/\/xn--logopdie-kutej-9hb.at\/n\/wp-content\/uploads\/2013\/11\/DSC_0145l.jpg\" alt=\"Praxis f\u00fcr Logop\u00e4die - R\u00e4umlichkeit\"\/><\/a><\/p>\n","protected":false},"excerpt":{"rendered":"<p>Galerie<\/p>\n","protected":false},"author":1,"featured_media":0,"parent":0,"menu_order":0,"comment_status":"open","ping_status":"open","template":"","meta":{"footnotes":""},"class_list":["post-487","page","type-page","status-publish","hentry"],"_links":{"self":[{"href":"http:\/\/xn--logopdie-kutej-9hb.at\/n\/wp-json\/wp\/v2\/pages\/487","targetHints":{"allow":["GET"]}}],"collection":[{"href":"http:\/\/xn--logopdie-kutej-9hb.at\/n\/wp-json\/wp\/v2\/pages"}],"about":[{"href":"http:\/\/xn--logopdie-kutej-9hb.at\/n\/wp-json\/wp\/v2\/types\/page"}],"author":[{"embeddable":true,"href":"http:\/\/xn--logopdie-kutej-9hb.at\/n\/wp-json\/wp\/v2\/users\/1"}],"replies":[{"embeddable":true,"href":"http:\/\/xn--logopdie-kutej-9hb.at\/n\/wp-json\/wp\/v2\/comments?post=487"}],"version-history":[{"count":37,"href":"http:\/\/xn--logopdie-kutej-9hb.at\/n\/wp-json\/wp\/v2\/pages\/487\/revisions"}],"predecessor-version":[{"id":493,"href":"http:\/\/xn--logopdie-kutej-9hb.at\/n\/wp-json\/wp\/v2\/pages\/487\/revisions\/493"}],"wp:attachment":[{"href":"http:\/\/xn--logopdie-kutej-9hb.at\/n\/wp-json\/wp\/v2\/media?parent=487"}],"curies":[{"name":"wp","href":"https:\/\/api.w.org\/{rel}","templated":true}]}}