{"id":484,"date":"2012-03-01T07:32:00","date_gmt":"2012-03-01T07:32:00","guid":{"rendered":"http:\/\/xn--logopdie-kutej-9hb.at\/n\/?page_id=484"},"modified":"2013-01-26T15:07:48","modified_gmt":"2013-01-26T15:07:48","slug":"therapiekosten","status":"publish","type":"page","link":"http:\/\/xn--logopdie-kutej-9hb.at\/n\/therapiekosten\/","title":{"rendered":"Therapiekosten"},"content":{"rendered":"<h3><span style=\"color: #629300;\">Kosten<\/span><\/h3>\n<p>Seit 01.01.2013 findet in meiner Praxis eine Direktverrechnung mit allen Kassen statt. Sie ben\u00f6tigen daf\u00fcr eine \u00dcberweisung von einem Neurologen, HNO Arzt, Kieferorthop\u00e4den oder Kinderfacharzt. Zus\u00e4tzlich muss eine Chefarztbewilligung eingeholt werden.<br \/>\nUm telefonische Terminvereinbarung wird gebeten.<\/p>\n<p>&nbsp;<\/p>\n<h3><span style=\"color: #629300;\">Absagemodus<\/span><\/h3>\n<p>Bei kurzfristiger Absage (weniger als 24 Stunden) oder bei unentschuldigter Vers\u00e4umnis einer Therapieeinheit wird Ihnen dies privat in Rechnung gestellt.<\/p>\n<p>&nbsp;<\/p>\n<h3><span style=\"color: #629300;\">Mein Seminarangebot<\/span><\/h3>\n<p>F\u00fcr die steigenden Anforderungen in Sprechberufen (Lehrer, F\u00fchrungskr\u00e4fte&#8230;) halte ich auf Anfrage gerne Seminare ab.<br \/>\nHier k\u00f6nnen Sie die <a href=\"http:\/\/xn--logopdie-kutej-9hb.at\/Downloads\/Angebot Stimme und Sprache.pdf\" target=\"_blank\">detaillierte Beschreibung downloaden<\/a>.<\/p>\n","protected":false},"excerpt":{"rendered":"<p>Kosten Seit 01.01.2013 findet in meiner Praxis eine Direktverrechnung mit allen Kassen statt. Sie ben\u00f6tigen daf\u00fcr eine \u00dcberweisung von einem Neurologen, HNO Arzt, Kieferorthop\u00e4den oder Kinderfacharzt. Zus\u00e4tzlich muss eine Chefarztbewilligung eingeholt werden. Um telefonische Terminvereinbarung wird gebeten. &nbsp; Absagemodus Bei kurzfristiger Absage (weniger als 24 Stunden) oder bei unentschuldigter Vers\u00e4umnis einer Therapieeinheit wird Ihnen dies [&hellip;]<\/p>\n","protected":false},"author":1,"featured_media":0,"parent":0,"menu_order":0,"comment_status":"open","ping_status":"open","template":"","meta":{"footnotes":""},"class_list":["post-484","page","type-page","status-publish","hentry"],"_links":{"self":[{"href":"http:\/\/xn--logopdie-kutej-9hb.at\/n\/wp-json\/wp\/v2\/pages\/484","targetHints":{"allow":["GET"]}}],"collection":[{"href":"http:\/\/xn--logopdie-kutej-9hb.at\/n\/wp-json\/wp\/v2\/pages"}],"about":[{"href":"http:\/\/xn--logopdie-kutej-9hb.at\/n\/wp-json\/wp\/v2\/types\/page"}],"author":[{"embeddable":true,"href":"http:\/\/xn--logopdie-kutej-9hb.at\/n\/wp-json\/wp\/v2\/users\/1"}],"replies":[{"embeddable":true,"href":"http:\/\/xn--logopdie-kutej-9hb.at\/n\/wp-json\/wp\/v2\/comments?post=484"}],"version-history":[{"count":12,"href":"http:\/\/xn--logopdie-kutej-9hb.at\/n\/wp-json\/wp\/v2\/pages\/484\/revisions"}],"predecessor-version":[{"id":523,"href":"http:\/\/xn--logopdie-kutej-9hb.at\/n\/wp-json\/wp\/v2\/pages\/484\/revisions\/523"}],"wp:attachment":[{"href":"http:\/\/xn--logopdie-kutej-9hb.at\/n\/wp-json\/wp\/v2\/media?parent=484"}],"curies":[{"name":"wp","href":"https:\/\/api.w.org\/{rel}","templated":true}]}}