{"id":428,"date":"2012-02-26T13:36:37","date_gmt":"2012-02-26T13:36:37","guid":{"rendered":"http:\/\/xn--logopdie-kutej-9hb.at\/n\/?page_id=428"},"modified":"2019-05-01T13:55:17","modified_gmt":"2019-05-01T13:55:17","slug":"referenzen","status":"publish","type":"page","link":"http:\/\/xn--logopdie-kutej-9hb.at\/n\/referenzen\/","title":{"rendered":"Publikationen"},"content":{"rendered":"<h4><span style=\"color: #629300;\">Titel: Stimme und Transgeschlechtlichkeit<\/span><\/h4>\n<p>Signatur: II 494272HSS<br \/>\nUniversit\u00e4tsbibliothek Klagenfurt<\/p>\n<p>&nbsp;<\/p>\n<h4><span style=\"color: #629300;\">Titel: Pr\u00e4vention von Stimmst\u00f6rungen &#8211; Die Stimme als wichtiges Arbeitsinstrument in Sprechberufen<\/span><\/h4>\n<p>Verlag: Schulz-Kirchner (1. Auflage 2011, 147 Seiten, kartoniert)<br \/>\nErh\u00e4ltlich bei <a title=\"www.schulz-kirchner.de\" href=\"http:\/\/www.schulz-kirchner.de\/cgi-bin\/sk\/medium.pl?F=1&amp;E=334026\" target=\"_blank\">www.schulz-kirchner.de<\/a><em><br \/>\nArtikel-Nr.: <\/em>978-3-8248-0854-0<\/p>\n","protected":false},"excerpt":{"rendered":"<p>Titel: Stimme und Transgeschlechtlichkeit Signatur: II 494272HSS Universit\u00e4tsbibliothek Klagenfurt &nbsp; Titel: Pr\u00e4vention von Stimmst\u00f6rungen &#8211; Die Stimme als wichtiges Arbeitsinstrument in Sprechberufen Verlag: Schulz-Kirchner (1. Auflage 2011, 147 Seiten, kartoniert) Erh\u00e4ltlich bei www.schulz-kirchner.de Artikel-Nr.: 978-3-8248-0854-0<\/p>\n","protected":false},"author":1,"featured_media":0,"parent":0,"menu_order":0,"comment_status":"open","ping_status":"open","template":"","meta":{"footnotes":""},"class_list":["post-428","page","type-page","status-publish","hentry"],"_links":{"self":[{"href":"http:\/\/xn--logopdie-kutej-9hb.at\/n\/wp-json\/wp\/v2\/pages\/428","targetHints":{"allow":["GET"]}}],"collection":[{"href":"http:\/\/xn--logopdie-kutej-9hb.at\/n\/wp-json\/wp\/v2\/pages"}],"about":[{"href":"http:\/\/xn--logopdie-kutej-9hb.at\/n\/wp-json\/wp\/v2\/types\/page"}],"author":[{"embeddable":true,"href":"http:\/\/xn--logopdie-kutej-9hb.at\/n\/wp-json\/wp\/v2\/users\/1"}],"replies":[{"embeddable":true,"href":"http:\/\/xn--logopdie-kutej-9hb.at\/n\/wp-json\/wp\/v2\/comments?post=428"}],"version-history":[{"count":20,"href":"http:\/\/xn--logopdie-kutej-9hb.at\/n\/wp-json\/wp\/v2\/pages\/428\/revisions"}],"predecessor-version":[{"id":775,"href":"http:\/\/xn--logopdie-kutej-9hb.at\/n\/wp-json\/wp\/v2\/pages\/428\/revisions\/775"}],"wp:attachment":[{"href":"http:\/\/xn--logopdie-kutej-9hb.at\/n\/wp-json\/wp\/v2\/media?parent=428"}],"curies":[{"name":"wp","href":"https:\/\/api.w.org\/{rel}","templated":true}]}}