{"id":426,"date":"2012-02-26T13:33:10","date_gmt":"2012-02-26T13:33:10","guid":{"rendered":"http:\/\/xn--logopdie-kutej-9hb.at\/n\/?page_id=426"},"modified":"2019-05-01T13:47:28","modified_gmt":"2019-05-01T13:47:28","slug":"seminare-vortrage","status":"publish","type":"page","link":"http:\/\/xn--logopdie-kutej-9hb.at\/n\/seminare-vortrage\/","title":{"rendered":"Seminare | Vortr&auml;ge"},"content":{"rendered":"<h4>Freie Praxis f\u00fcr Stimm- und Sprachentwicklung in V\u00f6lkermarkt \/ K\u00e4rnten \/ \u00d6sterreich<\/h4>\n<p>&nbsp;<\/p>\n<h4>Lektorat an der Ausbildungsst\u00e4tte f\u00fcr Behindertenp\u00e4dagogik \/ Caritas \/ Klagenfurt<\/h4>\n<p>&nbsp;<\/p>\n<h4>Lektorat an der Fachhochschule K\u00e4rnten \/ Studiengang Logop\u00e4die<\/h4>\n<p>&nbsp;<\/p>\n<h4>Symposium Stimme und Beruf 2010 \/ P\u00f6rtschach<\/h4>\n<p>&nbsp;<\/p>\n<h4>Seminare beim \u00a0Arbeitsmarktservice K\u00e4rnten \/ Arbeitnehmer \/ Call Center<\/h4>\n<p>&nbsp;<\/p>\n<h4>Seminare an der P\u00e4dagogischen Hochschule Klagenfurt<\/h4>\n<p>&nbsp;<\/p>\n<h4>Vortragst\u00e4tigkeit am Magistrat Klagenfurt \/ Pr\u00e4ventionsforum<\/h4>\n<p>&nbsp;<\/p>\n<h4>Vortrag am Transgender Infotag in Klagenfurt im November 2010<\/h4>\n","protected":false},"excerpt":{"rendered":"<p>Freie Praxis f\u00fcr Stimm- und Sprachentwicklung in V\u00f6lkermarkt \/ K\u00e4rnten \/ \u00d6sterreich &nbsp; Lektorat an der Ausbildungsst\u00e4tte f\u00fcr Behindertenp\u00e4dagogik \/ Caritas \/ Klagenfurt &nbsp; Lektorat an der Fachhochschule K\u00e4rnten \/ Studiengang Logop\u00e4die &nbsp; Symposium Stimme und Beruf 2010 \/ P\u00f6rtschach &nbsp; Seminare beim \u00a0Arbeitsmarktservice K\u00e4rnten \/ Arbeitnehmer \/ Call Center &nbsp; Seminare an der P\u00e4dagogischen [&hellip;]<\/p>\n","protected":false},"author":1,"featured_media":0,"parent":0,"menu_order":0,"comment_status":"open","ping_status":"open","template":"","meta":{"footnotes":""},"class_list":["post-426","page","type-page","status-publish","hentry"],"_links":{"self":[{"href":"http:\/\/xn--logopdie-kutej-9hb.at\/n\/wp-json\/wp\/v2\/pages\/426","targetHints":{"allow":["GET"]}}],"collection":[{"href":"http:\/\/xn--logopdie-kutej-9hb.at\/n\/wp-json\/wp\/v2\/pages"}],"about":[{"href":"http:\/\/xn--logopdie-kutej-9hb.at\/n\/wp-json\/wp\/v2\/types\/page"}],"author":[{"embeddable":true,"href":"http:\/\/xn--logopdie-kutej-9hb.at\/n\/wp-json\/wp\/v2\/users\/1"}],"replies":[{"embeddable":true,"href":"http:\/\/xn--logopdie-kutej-9hb.at\/n\/wp-json\/wp\/v2\/comments?post=426"}],"version-history":[{"count":13,"href":"http:\/\/xn--logopdie-kutej-9hb.at\/n\/wp-json\/wp\/v2\/pages\/426\/revisions"}],"predecessor-version":[{"id":430,"href":"http:\/\/xn--logopdie-kutej-9hb.at\/n\/wp-json\/wp\/v2\/pages\/426\/revisions\/430"}],"wp:attachment":[{"href":"http:\/\/xn--logopdie-kutej-9hb.at\/n\/wp-json\/wp\/v2\/media?parent=426"}],"curies":[{"name":"wp","href":"https:\/\/api.w.org\/{rel}","templated":true}]}}