{"id":18,"date":"2012-02-23T22:00:53","date_gmt":"2012-02-23T22:00:53","guid":{"rendered":"http:\/\/xn--logopdie-kutej-9hb.at\/n\/?page_id=18"},"modified":"2012-04-05T10:20:56","modified_gmt":"2012-04-05T10:20:56","slug":"behandlungsbereiche","status":"publish","type":"page","link":"http:\/\/xn--logopdie-kutej-9hb.at\/n\/behandlungsbereiche\/","title":{"rendered":"Behandlung"},"content":{"rendered":"<div class=\"toggle\">\n<div class=\"toggle_title\">\n<h5>Sprachprobleme<\/h5>\n<\/div>\n<div class=\"toggle_content\">\n<p>Die Sprache ist eine \u00fcbergeordnete Leistung des menschlichen Verhaltens und umfasst neben der Lautsprache auch die Schrift- und Lesesprache. Das Sprechen ist der Sprache untergeordnet und versucht, die Gedanken mittels der Stimm- und Sprechorgane h\u00f6rbar auszudr\u00fccken&#8230;<\/p>\n<p>Kindern mit Sprachst\u00f6rungen bereitet bei Nichtbehandeln meist auch der Erwerb der Schriftsprache Schwierigkeiten.<br \/>\nEin automatisches Aufholen des R\u00fcckstandes wird nur sehr selten beobachtet. In der Schule k\u00f6nnen dadurch viele Aufgabenstellungen nicht korrekt verstanden und ausgef\u00fchrt werden\u2026<\/p>\n<p>Abweichungen im Lauterwerb werden mit unterschiedlichen Fachausdr\u00fccken bezeichnet, wie Dyslalie, Aussprachest\u00f6rungen, Artikulationsst\u00f6rungen, phonetische oder phonologische St\u00f6rungen. Sie k\u00f6nnen isoliert oder in Kombination mit weiteren Sprachproblemen auftreten\u2026<\/p>\n<p>Auch Erwachsene leiden nicht selten an Artikulationsst\u00f6rungen, wobei ein Ungleichgewicht der Gesichtsmuskulatur, Zahn- und Kieferfehlstellungen m\u00f6gliche Ursachen darstellen k\u00f6nnen. Ein selbstbewusstes Auftreten und eine korrekte Aussprache nehmen einen wichtigen Stellenwert in Hinblick auf die berufliche Kompetenz ein. Dies betrifft nicht nur F\u00fchrungskr\u00e4fte und BerufssprecherInnen, sondern auch viele andere Berufst\u00e4tige in verschiedensten Positionen\u2026<\/p>\n<\/div>\n<\/div>\n<div class=\"toggle\">\n<div class=\"toggle_title\">\n<h5>Regulation der Mundfunktionen<\/h5>\n<\/div>\n<div class=\"toggle_content\">\n<p>\n<img decoding=\"async\" class=\"alignright \" src=\"http:\/\/xn--logopdie-kutej-9hb.at\/n\/wp-content\/uploads\/2012\/02\/Foto5.jpg\" alt=\"\" \/><p>Die ungehinderte Nasenatmung erm\u00f6glicht eine Erw\u00e4rmung, Befeuchtung und Reinigung der Atemluft. Eine verstopfte Nase aufgrund verschiedenster Ursachen (Adenoide, Allergien,\u2026) beeintr\u00e4chtigen die kindliche Zahn- und Kieferentwicklung. Eine daraus resultierende Mundatmung kann auf Dauer die Gesundheit gef\u00e4hrden, Schlafst\u00f6rungen hervorrufen, das Wachstum und die Sprachentwicklung beeintr\u00e4chtigen, sowie die Leistungsf\u00e4higkeit reduzieren\u2026<\/p>\n<p>Eine HNO-\u00e4rztliche Untersuchung ist ein wesentlicher Schritt zur Diagnostik der Ursachen der Fehlatmung. Im Anschluss daran wird die logop\u00e4dische Therapie je nach Alter und Bed\u00fcrfnis der PatientInnen unterschiedlich gestaltet\u2026<\/p>\n<p>Der Facharzt f\u00fcr Zahn- und Kieferorthop\u00e4die erstellt und empfiehlt anhand seiner Diagnostik die individuelle Behandlung bei Zahn- und Kieferfehlstellungen, wie unter anderem eine logop\u00e4dische Therapie. Dabei wird ein Gleichgewicht der Mund- und Gesichtsmuskulatur geschaffen\u2026<\/p>\n<\/div>\n<\/div>\n<div class=\"toggle\">\n<div class=\"toggle_title\">\n<h5>Lesen, Schreiben und Rechnen<\/h5>\n<\/div>\n<div class=\"toggle_content\">\n<p>Kinder, Jugendliche und Erwachsene mit Lese-, Rechtschreib- und Rechenproblemen, werden mit vielen, kritischen Situationen konfrontiert.<br \/>\nViele Studienergebnisse zeigen, dass Schwierigkeiten beim Lesen, Schreiben und Rechnen als Folge einer Sprachst\u00f6rung anzusehen sind\u2026<\/p>\n<\/div>\n<\/div>\n<div class=\"toggle\">\n<div class=\"toggle_title\">\n<h5>St\u00f6rungen der Stimme<\/h5>\n<\/div>\n<div class=\"toggle_content\">\n<p>\n<img decoding=\"async\" class=\"alignleft \" src=\"http:\/\/xn--logopdie-kutej-9hb.at\/n\/wp-content\/uploads\/2012\/02\/Foto6.jpg\" alt=\"\" \/><p>Die menschliche Stimme entsteht durch ein Zusammenspiel von Atmung, Stimmlippen- und Sprechbewegungen &#8211; sie ist ein wesentlicher Aspekt in der zwischenmenschlichen Kommunikation. Stimmliche Beeintr\u00e4chtigungen stellen sowohl im privaten, als auch im beruflichen Kontext schwerwiegende Belastungen f\u00fcr die Betroffenen dar.<\/p>\n<p>Stimmst\u00f6rungen, sowie die daraus resultierenden sozialen Folgen mit Gef\u00e4hrdung oder Verlust des Arbeitsplatzes k\u00f6nnen zu einer erheblichen Beeintr\u00e4chtigung der Lebensqualit\u00e4t f\u00fchren. Rechtzeitige Pr\u00e4vention von Stimmst\u00f6rungen und der \u00f6konomische Umgang mit den eigenen stimmlichen Ressourcen bieten dahingehend wichtige Hilfestellungen\u2026<\/p>\n<p><a title=\"Folder \u00fcber die Stimme - Download\" href=\"http:\/\/www.logop\u00e4die-kutej.at\/n\/Downloads\/StimmeFolder.pdf\" target=\"_blank\">Folder \u00fcber die Stimme &#8211; Download<\/a><\/p>\n<\/div>\n<\/div>\n","protected":false},"excerpt":{"rendered":"","protected":false},"author":1,"featured_media":0,"parent":0,"menu_order":0,"comment_status":"open","ping_status":"open","template":"fullwidth.php","meta":{"footnotes":""},"class_list":["post-18","page","type-page","status-publish","hentry"],"_links":{"self":[{"href":"http:\/\/xn--logopdie-kutej-9hb.at\/n\/wp-json\/wp\/v2\/pages\/18","targetHints":{"allow":["GET"]}}],"collection":[{"href":"http:\/\/xn--logopdie-kutej-9hb.at\/n\/wp-json\/wp\/v2\/pages"}],"about":[{"href":"http:\/\/xn--logopdie-kutej-9hb.at\/n\/wp-json\/wp\/v2\/types\/page"}],"author":[{"embeddable":true,"href":"http:\/\/xn--logopdie-kutej-9hb.at\/n\/wp-json\/wp\/v2\/users\/1"}],"replies":[{"embeddable":true,"href":"http:\/\/xn--logopdie-kutej-9hb.at\/n\/wp-json\/wp\/v2\/comments?post=18"}],"version-history":[{"count":71,"href":"http:\/\/xn--logopdie-kutej-9hb.at\/n\/wp-json\/wp\/v2\/pages\/18\/revisions"}],"predecessor-version":[{"id":40,"href":"http:\/\/xn--logopdie-kutej-9hb.at\/n\/wp-json\/wp\/v2\/pages\/18\/revisions\/40"}],"wp:attachment":[{"href":"http:\/\/xn--logopdie-kutej-9hb.at\/n\/wp-json\/wp\/v2\/media?parent=18"}],"curies":[{"name":"wp","href":"https:\/\/api.w.org\/{rel}","templated":true}]}}