{"id":16,"date":"2012-02-23T22:00:40","date_gmt":"2012-02-23T22:00:40","guid":{"rendered":"http:\/\/xn--logopdie-kutej-9hb.at\/n\/?page_id=16"},"modified":"2012-03-01T18:14:52","modified_gmt":"2012-03-01T18:14:52","slug":"aktuelles","status":"publish","type":"page","link":"http:\/\/xn--logopdie-kutej-9hb.at\/n\/aktuelles\/","title":{"rendered":"News"},"content":{"rendered":"  <ul class=\"bloglist\">\r\n        <li id=\"post-707\" class=\"post-707 post type-post status-publish format-standard has-post-thumbnail hentry category-news tag-konstruktiver-wirbel\">\r\n                <div class=\"postimg\">\r\n                    <img decoding=\"async\" src=\"http:\/\/xn--logopdie-kutej-9hb.at\/n\/wp-content\/themes\/efolio\/timthumb.php?src=https:\/\/xn--logopdie-kutej-9hb.at\/n\/wp-content\/uploads\/2013\/10\/102b2f36e3.jpg&amp;h=129&amp;w=180&amp;zc=1\" alt=\"\" class=\"alignleft imgbox\" \/>\r\n                <\/div>\r\n                <div class=\"postcontent\" >\r\n          <h3><a href=\"http:\/\/xn--logopdie-kutej-9hb.at\/n\/konstruktiver-wirbel\/\">Konstruktiver &#8220;Wirbel&#8220;<\/a><\/h3>\r\n                    <div class=\"metapost\">\r\n            <span class=\"postdate\">Verfasst am 18:55<\/span>\r\n            <span class=\"postedby\">Von : <a href=\"http:\/\/xn--logopdie-kutej-9hb.at\/n\/author\/waltraud\/\" title=\"Beitr\u00e4ge von Waltraud Kutej\" rel=\"author\">Waltraud Kutej<\/a><\/span>\r\n            <span class=\"postedon\">Kategorie : <a href=\"http:\/\/xn--logopdie-kutej-9hb.at\/n\/category\/news\/\" rel=\"category tag\">News<\/a><\/span>\r\n            <span>Kommentare: <a href=\"http:\/\/xn--logopdie-kutej-9hb.at\/n\/konstruktiver-wirbel\/#respond\">0 Kommentare<\/a><\/span>\r\n          <\/div>\r\n                  <p>Christiane Hoffschildt informiert in der aktuellen JAKO-O &#8211; Kundenzeitschrift &#8220;Wirbelwind&#8220; \u00fcber das Thema Sprachentwicklung &#8222;Sprechen lernen: Was ist eigentlich &#8217;normal&#8216;?&#8220; fragt die aktuelle Ausgabe der Kundenzeitschrift ( Sommer 2013) des beliebten Online-Shops &#8222;JAKO-O&#8220;, der Kindermode, Babymode, Spielzeug und Kinderm\u00f6bel vertreibt. Hintergrund: Im Herbst letzten Jahres war es zu Irritationen gekommen, weil durch einen Werbespot von [&hellip;]<\/p>\n          <span class=\"readmore\"><a href=\"http:\/\/xn--logopdie-kutej-9hb.at\/n\/konstruktiver-wirbel\/\">Weiterlesen &rarr;<\/a><\/span>\r\n          <div class=\"clear\"><\/div>\r\n        <\/div>\r\n      <\/li>\r\n          <li id=\"post-702\" class=\"post-702 post type-post status-publish format-standard has-post-thumbnail hentry category-news tag-neues-onlineportal-fur-eltern-mit-stotterndem-kind\">\r\n                <div class=\"postimg\">\r\n                    <img decoding=\"async\" src=\"http:\/\/xn--logopdie-kutej-9hb.at\/n\/wp-content\/themes\/efolio\/timthumb.php?src=https:\/\/xn--logopdie-kutej-9hb.at\/n\/wp-content\/uploads\/2013\/10\/Unbenannt-1.jpg&amp;h=129&amp;w=180&amp;zc=1\" alt=\"\" class=\"alignleft imgbox\" \/>\r\n                <\/div>\r\n                <div class=\"postcontent\" >\r\n          <h3><a href=\"http:\/\/xn--logopdie-kutej-9hb.at\/n\/neues-onlineportal-fur-eltern-mit-stotterndem-kind\/\">Neues Onlineportal f\u00fcr Eltern mit stotterndem Kind<\/a><\/h3>\r\n                    <div class=\"metapost\">\r\n            <span class=\"postdate\">Verfasst am 18:52<\/span>\r\n            <span class=\"postedby\">Von : <a href=\"http:\/\/xn--logopdie-kutej-9hb.at\/n\/author\/waltraud\/\" title=\"Beitr\u00e4ge von Waltraud Kutej\" rel=\"author\">Waltraud Kutej<\/a><\/span>\r\n            <span class=\"postedon\">Kategorie : <a href=\"http:\/\/xn--logopdie-kutej-9hb.at\/n\/category\/news\/\" rel=\"category tag\">News<\/a><\/span>\r\n            <span>Kommentare: <a href=\"http:\/\/xn--logopdie-kutej-9hb.at\/n\/neues-onlineportal-fur-eltern-mit-stotterndem-kind\/#respond\">0 Kommentare<\/a><\/span>\r\n          <\/div>\r\n                  <p>Die Bundesvereinigung Stottern &#038; Selbsthilfe e.V. (BVSS) hat ein Onlineportal f\u00fcr Eltern mit stotterndem Kind eingerichtet. Hier k\u00f6nnen betroffene Familien miteinander in Kontakt kommen, sich vertrauensvoll austauschen und einander den R\u00fccken st\u00e4rken. Der Austausch unter Betroffenen ist klassische Selbsthilfe, doch bisher gibt es noch keine Gruppen f\u00fcr M\u00fctter und V\u00e4ter stotternder Kinder. Mit dem &#8222;Eltern-Netzwerk [&hellip;]<\/p>\n          <span class=\"readmore\"><a href=\"http:\/\/xn--logopdie-kutej-9hb.at\/n\/neues-onlineportal-fur-eltern-mit-stotterndem-kind\/\">Weiterlesen &rarr;<\/a><\/span>\r\n          <div class=\"clear\"><\/div>\r\n        <\/div>\r\n      <\/li>\r\n          <li id=\"post-695\" class=\"post-695 post type-post status-publish format-standard has-post-thumbnail hentry category-news tag-broschure-zum-vdk-forum-herausforderung-demenz-erhaltlich\">\r\n                <div class=\"postimg\">\r\n                    <img decoding=\"async\" src=\"http:\/\/xn--logopdie-kutej-9hb.at\/n\/wp-content\/themes\/efolio\/timthumb.php?src=https:\/\/xn--logopdie-kutej-9hb.at\/n\/wp-content\/uploads\/2013\/10\/0a1ce7eb3d.jpg&amp;h=129&amp;w=180&amp;zc=1\" alt=\"\" class=\"alignleft imgbox\" \/>\r\n                <\/div>\r\n                <div class=\"postcontent\" >\r\n          <h3><a href=\"http:\/\/xn--logopdie-kutej-9hb.at\/n\/broschure-zum-vdk-forum-herausforderung-demenz-erhaltlich\/\">Brosch\u00fcre zum VdK-Forum &#8220;Herausforderung Demenz&#8220; erh\u00e4ltlich<\/a><\/h3>\r\n                    <div class=\"metapost\">\r\n            <span class=\"postdate\">Verfasst am 18:38<\/span>\r\n            <span class=\"postedby\">Von : <a href=\"http:\/\/xn--logopdie-kutej-9hb.at\/n\/author\/waltraud\/\" title=\"Beitr\u00e4ge von Waltraud Kutej\" rel=\"author\">Waltraud Kutej<\/a><\/span>\r\n            <span class=\"postedon\">Kategorie : <a href=\"http:\/\/xn--logopdie-kutej-9hb.at\/n\/category\/news\/\" rel=\"category tag\">News<\/a><\/span>\r\n            <span>Kommentare: <a href=\"http:\/\/xn--logopdie-kutej-9hb.at\/n\/broschure-zum-vdk-forum-herausforderung-demenz-erhaltlich\/#respond\">0 Kommentare<\/a><\/span>\r\n          <\/div>\r\n                  <p>Die Brosch\u00fcre zum VdK-Forum &#8222;Herausforderung Demenz&#8220; ist online. Ende Februar fand in der Evangelischen Akademie Tutzing das VdK-Forum &#8222;Herausforderung Demenz \u2013 \u00c4ngste abbauen durch Informationen und Unterst\u00fctzung&#8220; des Sozialverbandes VdK Bayern statt. Auf dem sozialpolitischen Forum diskutierten Experten aus Politik, Medizin und Wissenschaft. Sie gingen der Frage nach, wie die Gesellschaft der Herausforderung Demenz begegnen [&hellip;]<\/p>\n          <span class=\"readmore\"><a href=\"http:\/\/xn--logopdie-kutej-9hb.at\/n\/broschure-zum-vdk-forum-herausforderung-demenz-erhaltlich\/\">Weiterlesen &rarr;<\/a><\/span>\r\n          <div class=\"clear\"><\/div>\r\n        <\/div>\r\n      <\/li>\r\n          <\/ul>\r\n    <div class=\"pagination\">\n<span class=\"current\">1<\/span><a href=\"http:\/\/xn--logopdie-kutej-9hb.at\/n\/wp-json\/wp\/v2\/pages\/16\/page\/2\/\" class=\"page\" title=\"2\">2<\/a><a href=\"http:\/\/xn--logopdie-kutej-9hb.at\/n\/wp-json\/wp\/v2\/pages\/16\/page\/3\/\" class=\"page\" title=\"3\">3<\/a><a href=\"http:\/\/xn--logopdie-kutej-9hb.at\/n\/wp-json\/wp\/v2\/pages\/16\/page\/4\/\" class=\"page\" title=\"4\">4<\/a><a href=\"http:\/\/xn--logopdie-kutej-9hb.at\/n\/wp-json\/wp\/v2\/pages\/16\/page\/2\/\" >&raquo;<\/a><\/div>\n","protected":false},"excerpt":{"rendered":"","protected":false},"author":1,"featured_media":0,"parent":0,"menu_order":0,"comment_status":"open","ping_status":"open","template":"","meta":{"footnotes":""},"class_list":["post-16","page","type-page","status-publish","hentry"],"_links":{"self":[{"href":"http:\/\/xn--logopdie-kutej-9hb.at\/n\/wp-json\/wp\/v2\/pages\/16","targetHints":{"allow":["GET"]}}],"collection":[{"href":"http:\/\/xn--logopdie-kutej-9hb.at\/n\/wp-json\/wp\/v2\/pages"}],"about":[{"href":"http:\/\/xn--logopdie-kutej-9hb.at\/n\/wp-json\/wp\/v2\/types\/page"}],"author":[{"embeddable":true,"href":"http:\/\/xn--logopdie-kutej-9hb.at\/n\/wp-json\/wp\/v2\/users\/1"}],"replies":[{"embeddable":true,"href":"http:\/\/xn--logopdie-kutej-9hb.at\/n\/wp-json\/wp\/v2\/comments?post=16"}],"version-history":[{"count":10,"href":"http:\/\/xn--logopdie-kutej-9hb.at\/n\/wp-json\/wp\/v2\/pages\/16\/revisions"}],"predecessor-version":[{"id":330,"href":"http:\/\/xn--logopdie-kutej-9hb.at\/n\/wp-json\/wp\/v2\/pages\/16\/revisions\/330"}],"wp:attachment":[{"href":"http:\/\/xn--logopdie-kutej-9hb.at\/n\/wp-json\/wp\/v2\/media?parent=16"}],"curies":[{"name":"wp","href":"https:\/\/api.w.org\/{rel}","templated":true}]}}